{"id":4001,"date":"2015-06-16T02:07:08","date_gmt":"2015-06-16T02:07:08","guid":{"rendered":"https:\/\/ticunivers.com\/?page_id=4001"},"modified":"2021-09-13T13:43:41","modified_gmt":"2021-09-13T13:43:41","slug":"blog-masonry","status":"publish","type":"page","link":"https:\/\/ticunivers.com\/index.php\/blog-masonry\/","title":{"rendered":"Blog Masonry"},"content":{"rendered":"\t\t<div data-elementor-type=\"wp-page\" data-elementor-id=\"4001\" class=\"elementor elementor-4001\">\n\t\t\t\t\t\t<section class=\"elementor-section elementor-top-section elementor-element elementor-element-080f9eb elementor-section-boxed elementor-section-height-default elementor-section-height-default\" data-id=\"080f9eb\" data-element_type=\"section\">\n\t\t\t\t\t\t<div class=\"elementor-container elementor-column-gap-default\">\n\t\t\t\t\t<div class=\"elementor-column elementor-col-100 elementor-top-column elementor-element elementor-element-fdef2e7\" data-id=\"fdef2e7\" data-element_type=\"column\">\n\t\t\t<div class=\"elementor-widget-wrap elementor-element-populated\">\n\t\t\t\t\t\t<div class=\"elementor-element elementor-element-cb53ac7 elementor-widget elementor-widget-ts-blogs\" data-id=\"cb53ac7\" data-element_type=\"widget\" data-widget_type=\"ts-blogs.default\">\n\t\t\t\t<div class=\"elementor-widget-container\">\n\t\t\t\t\t\t<div class=\"ts-blogs-wrapper ts-shortcode ts-blogs title-default ts-masonry loading\" data-atts=\"{&quot;layout&quot;:&quot;masonry&quot;,&quot;columns&quot;:3,&quot;categories&quot;:&quot;&quot;,&quot;limit&quot;:9,&quot;orderby&quot;:&quot;none&quot;,&quot;order&quot;:&quot;DESC&quot;,&quot;show_title&quot;:&quot;1&quot;,&quot;show_thumbnail&quot;:&quot;1&quot;,&quot;show_author&quot;:&quot;1&quot;,&quot;show_categories&quot;:&quot;0&quot;,&quot;show_date&quot;:&quot;1&quot;,&quot;show_comment&quot;:&quot;1&quot;,&quot;show_excerpt&quot;:&quot;1&quot;,&quot;show_readmore&quot;:&quot;1&quot;,&quot;excerpt_words&quot;:13,&quot;is_slider&quot;:0,&quot;show_nav&quot;:null,&quot;auto_play&quot;:null,&quot;is_masonry&quot;:1,&quot;show_load_more&quot;:0}\" >\n\t\t\t\n\t\t\t\t\t\t\t\t\n\t\t\t\t\t\t\t\t\n\t\t\t\t<div class=\"content-wrapper\">\n\t\t\t\t\t<div class=\"blogs items\">\n\t\t\t\t\t\t\t\t\t\t<article class=\"item   ts-col-8\">\n\t\t\t\t\t<div class=\"article-content\">\n\t\t\t\t\t\t\t\t\t\t\t<div class=\"thumbnail-content\">\n\t\t\t\t\t\t\t\t\t\t\t\t\t\t\t<a class=\"thumbnail  \" href=\"https:\/\/ticunivers.com\/index.php\/2023\/09\/19\/7-juin-2021-celebration-de-la-journee-internationale-de-la-securite-sanitaire-des-aliments-jissa-2021\/\">\n\t\t\t\t\t\t\t\t\t<figure>\n\t\t\t\t\t\t\t\t\t<img fetchpriority=\"high\" decoding=\"async\" width=\"650\" height=\"460\" src=\"https:\/\/ticunivers.com\/wp-content\/uploads\/2021\/09\/s1.jpg\" class=\"attachment-full size-full wp-post-image\" alt=\"\" srcset=\"https:\/\/ticunivers.com\/wp-content\/uploads\/2021\/09\/s1.jpg 650w, https:\/\/ticunivers.com\/wp-content\/uploads\/2021\/09\/s1-300x212.jpg 300w, https:\/\/ticunivers.com\/wp-content\/uploads\/2021\/09\/s1-600x425.jpg 600w\" sizes=\"(max-width: 650px) 100vw, 650px\" \/>\t\t\t\t\t\t\t\t\t<\/figure>\n\t\t\t\t\t\t\t\t\t<div class=\"effect-thumbnail\"><\/div>\n\t\t\t\t\t\t\t\t<\/a>\n\t\t\t\t\t\t\t\t\n\t\t\t\t\t\t\t\t\n\t\t\t\t\t\t\t\t\t\t\t\t\t\n\t\t\t\t\t\t<\/div>\n\t\t\t\t\t\t\t\t\t\t\n\t\t\t\t\t\t\t\t\t\t\t\n\t\t\t\t\t\t<div class=\"entry-content\">\n\t\t\t\t\t\t\t<header>\n\t\t\t\t\t\t\t\n\t\t\t\t\t\t\t\t\t\t\t\t\t\t\t\t<div class=\"entry-meta-top\">\n\t\t\t\t\t\t\t\n\t\t\t\t\t\t\t\t\t<!-- Blog Author -->\n\t\t\t\t\t\t\t\t\t\t\t\t\t\t\t\t\t\t<span class=\"vcard author\">\n\t\t\t\t\t\t\t\t\t\t<a href=\"https:\/\/ticunivers.com\/index.php\/author\/ticunivers\/\" title=\"Articles par admin\" rel=\"author\">admin<\/a>\t\t\t\t\t\t\t\t\t<\/span>\n\t\t\t\t\t\t\t\t\t\t\t\t\t\t\t\t\t\t\n\t\t\t\t\t\t\t\t\t<!-- Blog Date Time -->\n\t\t\t\t\t\t\t\t\t\t\t\t\t\t\t\t\t\t<span class=\"date-time\">\n\t\t\t\t\t\t\t\t\t\tseptembre 19, 2023\t\t\t\t\t\t\t\t\t<\/span>\n\t\t\t\t\t\t\t\t\t\t\t\t\t\t\t\t\t\t\n\t\t\t\t\t\t\t\t\t<!-- Blog Comment -->\n\t\t\t\t\t\t\t\t\t\t\t\t\t\t\t\t\t\t<span class=\"comment-count\">\n\t\t\t\t\t\t\t\t\t\t0\t\t\t\t\t\t\t\t\t<\/span>\n\t\t\t\t\t\t\t\t\t\t\t\t\t\t\t\t\t\t\n\t\t\t\t\t\t\t\t\t<!-- Blog Categories -->\n\t\t\t\t\t\t\t\t\t\t\t\t\t\t\t\t\t\n\t\t\t\t\t\t\t\t<\/div>\n\t\t\t\t\t\t\t\t\t\t\t\t\t\t\t\n\t\t\t\t\t\t\t\t\t\t\t\t\t\t\t\t<h4 class=\"heading-title entry-title\">\n\t\t\t\t\t\t\t\t\t<a class=\"post-title\" href=\"https:\/\/ticunivers.com\/index.php\/2023\/09\/19\/7-juin-2021-celebration-de-la-journee-internationale-de-la-securite-sanitaire-des-aliments-jissa-2021\/\">7 Juin 2021 C\u00e9l\u00e9bration de la Journ\u00e9e Internationale de la S\u00e9curit\u00e9 Sanitaire des Aliments (JISSA 2021)<\/a>\n\t\t\t\t\t\t\t\t<\/h4>\n\t\t\t\t\t\t\t\t\t\t\t\t\t\t\t\t\n\t\t\t\t\t\t\t<\/header>\n\t\t\t\t\t\t\t\n\t\t\t\t\t\t\t\t\t\t\t\t\t\t<div class=\"excerpt\">Fort de sa mission \u00e0 savoir\u00a0celle de garantir la s\u00e9curit\u00e9 sanitaire des produits<\/div>\n\t\t\t\t\t\t\t\t\t\t\t\t\t\t\n\t\t\t\t\t\t\t\t\t\t\t\t\t\t<div class=\"entry-meta-bottom\">\n\t\t\t\t\t\t\t\t<!-- Blog Read More Button -->\n\t\t\t\t\t\t\t\t<a class=\"button-readmore button-text\" href=\"https:\/\/ticunivers.com\/index.php\/2023\/09\/19\/7-juin-2021-celebration-de-la-journee-internationale-de-la-securite-sanitaire-des-aliments-jissa-2021\/\">read more<\/a>\n\t\t\t\t\t\t\t\t\n\t\t\t\t\t\t\t<\/div>\n\t\t\t\t\t\t\t\t\t\t\t\t\t<\/div>\n\t\t\t\t\t\t\t\n\t\t\t\t\t\t\t\t\t\t\t<\/div>\n\t\t\t\t<\/article>\n\t\t\t\t\t\t\t<article class=\"item   ts-col-8\">\n\t\t\t\t\t<div class=\"article-content\">\n\t\t\t\t\t\t\t\t\t\t\t<div class=\"thumbnail-content\">\n\t\t\t\t\t\t\t\t\t\t\t\t\t\t\t<a class=\"thumbnail  \" href=\"https:\/\/ticunivers.com\/index.php\/2023\/09\/19\/7-juin-2022-celebration-de-la-journee-internationale-de-la-securite-sanitaire-des-aliments-jissa-2022\/\">\n\t\t\t\t\t\t\t\t\t<figure>\n\t\t\t\t\t\t\t\t\t<img decoding=\"async\" width=\"1920\" height=\"1014\" src=\"https:\/\/ticunivers.com\/wp-content\/uploads\/2021\/09\/image.jpg\" class=\"attachment-full size-full wp-post-image\" alt=\"\" srcset=\"https:\/\/ticunivers.com\/wp-content\/uploads\/2021\/09\/image.jpg 1920w, https:\/\/ticunivers.com\/wp-content\/uploads\/2021\/09\/image-300x158.jpg 300w, https:\/\/ticunivers.com\/wp-content\/uploads\/2021\/09\/image-600x317.jpg 600w, https:\/\/ticunivers.com\/wp-content\/uploads\/2021\/09\/image-1024x541.jpg 1024w, https:\/\/ticunivers.com\/wp-content\/uploads\/2021\/09\/image-768x406.jpg 768w, https:\/\/ticunivers.com\/wp-content\/uploads\/2021\/09\/image-1536x811.jpg 1536w, https:\/\/ticunivers.com\/wp-content\/uploads\/2021\/09\/image-1300x687.jpg 1300w\" sizes=\"(max-width: 1920px) 100vw, 1920px\" \/>\t\t\t\t\t\t\t\t\t<\/figure>\n\t\t\t\t\t\t\t\t\t<div class=\"effect-thumbnail\"><\/div>\n\t\t\t\t\t\t\t\t<\/a>\n\t\t\t\t\t\t\t\t\n\t\t\t\t\t\t\t\t\n\t\t\t\t\t\t\t\t\t\t\t\t\t\n\t\t\t\t\t\t<\/div>\n\t\t\t\t\t\t\t\t\t\t\n\t\t\t\t\t\t\t\t\t\t\t\n\t\t\t\t\t\t<div class=\"entry-content\">\n\t\t\t\t\t\t\t<header>\n\t\t\t\t\t\t\t\n\t\t\t\t\t\t\t\t\t\t\t\t\t\t\t\t<div class=\"entry-meta-top\">\n\t\t\t\t\t\t\t\n\t\t\t\t\t\t\t\t\t<!-- Blog Author -->\n\t\t\t\t\t\t\t\t\t\t\t\t\t\t\t\t\t\t<span class=\"vcard author\">\n\t\t\t\t\t\t\t\t\t\t<a href=\"https:\/\/ticunivers.com\/index.php\/author\/ticunivers\/\" title=\"Articles par admin\" rel=\"author\">admin<\/a>\t\t\t\t\t\t\t\t\t<\/span>\n\t\t\t\t\t\t\t\t\t\t\t\t\t\t\t\t\t\t\n\t\t\t\t\t\t\t\t\t<!-- Blog Date Time -->\n\t\t\t\t\t\t\t\t\t\t\t\t\t\t\t\t\t\t<span class=\"date-time\">\n\t\t\t\t\t\t\t\t\t\tseptembre 19, 2023\t\t\t\t\t\t\t\t\t<\/span>\n\t\t\t\t\t\t\t\t\t\t\t\t\t\t\t\t\t\t\n\t\t\t\t\t\t\t\t\t<!-- Blog Comment -->\n\t\t\t\t\t\t\t\t\t\t\t\t\t\t\t\t\t\t<span class=\"comment-count\">\n\t\t\t\t\t\t\t\t\t\t0\t\t\t\t\t\t\t\t\t<\/span>\n\t\t\t\t\t\t\t\t\t\t\t\t\t\t\t\t\t\t\n\t\t\t\t\t\t\t\t\t<!-- Blog Categories -->\n\t\t\t\t\t\t\t\t\t\t\t\t\t\t\t\t\t\n\t\t\t\t\t\t\t\t<\/div>\n\t\t\t\t\t\t\t\t\t\t\t\t\t\t\t\n\t\t\t\t\t\t\t\t\t\t\t\t\t\t\t\t<h4 class=\"heading-title entry-title\">\n\t\t\t\t\t\t\t\t\t<a class=\"post-title\" href=\"https:\/\/ticunivers.com\/index.php\/2023\/09\/19\/7-juin-2022-celebration-de-la-journee-internationale-de-la-securite-sanitaire-des-aliments-jissa-2022\/\">7 Juin 2022 C\u00e9l\u00e9bration de la Journ\u00e9e Internationale de la S\u00e9curit\u00e9 Sanitaire des Aliments (JISSA 2022)<\/a>\n\t\t\t\t\t\t\t\t<\/h4>\n\t\t\t\t\t\t\t\t\t\t\t\t\t\t\t\t\n\t\t\t\t\t\t\t<\/header>\n\t\t\t\t\t\t\t\n\t\t\t\t\t\t\t\t\t\t\t\t\t\t<div class=\"excerpt\">Depuis la proclamation par l\u2019Assembl\u00e9e g\u00e9n\u00e9rale de l\u2019ONU le 20 d\u00e9cembre 2018 de<\/div>\n\t\t\t\t\t\t\t\t\t\t\t\t\t\t\n\t\t\t\t\t\t\t\t\t\t\t\t\t\t<div class=\"entry-meta-bottom\">\n\t\t\t\t\t\t\t\t<!-- Blog Read More Button -->\n\t\t\t\t\t\t\t\t<a class=\"button-readmore button-text\" href=\"https:\/\/ticunivers.com\/index.php\/2023\/09\/19\/7-juin-2022-celebration-de-la-journee-internationale-de-la-securite-sanitaire-des-aliments-jissa-2022\/\">read more<\/a>\n\t\t\t\t\t\t\t\t\n\t\t\t\t\t\t\t<\/div>\n\t\t\t\t\t\t\t\t\t\t\t\t\t<\/div>\n\t\t\t\t\t\t\t\n\t\t\t\t\t\t\t\t\t\t\t<\/div>\n\t\t\t\t<\/article>\n\t\t\t\t\t\t\t<article class=\"item   ts-col-8\">\n\t\t\t\t\t<div class=\"article-content\">\n\t\t\t\t\t\t\t\t\t\t\t<div class=\"thumbnail-content\">\n\t\t\t\t\t\t\t\t\t\t\t\t\t\t\t<a class=\"thumbnail  \" href=\"https:\/\/ticunivers.com\/index.php\/2023\/09\/22\/a-peine-sorti-ios-17-est-deja-mis-a-jour-et-il-faut-installer-la-nouvelle-version-de-toute-urgence\/\">\n\t\t\t\t\t\t\t\t\t<figure>\n\t\t\t\t\t\t\t\t\t<img decoding=\"async\" width=\"896\" height=\"596\" src=\"https:\/\/ticunivers.com\/wp-content\/uploads\/2023\/09\/Apple-securite-896x596-1.webp\" class=\"attachment-full size-full wp-post-image\" alt=\"\" srcset=\"https:\/\/ticunivers.com\/wp-content\/uploads\/2023\/09\/Apple-securite-896x596-1.webp 896w, https:\/\/ticunivers.com\/wp-content\/uploads\/2023\/09\/Apple-securite-896x596-1-300x200.webp 300w, https:\/\/ticunivers.com\/wp-content\/uploads\/2023\/09\/Apple-securite-896x596-1-600x399.webp 600w, https:\/\/ticunivers.com\/wp-content\/uploads\/2023\/09\/Apple-securite-896x596-1-768x511.webp 768w\" sizes=\"(max-width: 896px) 100vw, 896px\" \/>\t\t\t\t\t\t\t\t\t<\/figure>\n\t\t\t\t\t\t\t\t\t<div class=\"effect-thumbnail\"><\/div>\n\t\t\t\t\t\t\t\t<\/a>\n\t\t\t\t\t\t\t\t\n\t\t\t\t\t\t\t\t\n\t\t\t\t\t\t\t\t\t\t\t\t\t\n\t\t\t\t\t\t<\/div>\n\t\t\t\t\t\t\t\t\t\t\n\t\t\t\t\t\t\t\t\t\t\t\n\t\t\t\t\t\t<div class=\"entry-content\">\n\t\t\t\t\t\t\t<header>\n\t\t\t\t\t\t\t\n\t\t\t\t\t\t\t\t\t\t\t\t\t\t\t\t<div class=\"entry-meta-top\">\n\t\t\t\t\t\t\t\n\t\t\t\t\t\t\t\t\t<!-- Blog Author -->\n\t\t\t\t\t\t\t\t\t\t\t\t\t\t\t\t\t\t<span class=\"vcard author\">\n\t\t\t\t\t\t\t\t\t\t<a href=\"https:\/\/ticunivers.com\/index.php\/author\/ticunivers\/\" title=\"Articles par admin\" rel=\"author\">admin<\/a>\t\t\t\t\t\t\t\t\t<\/span>\n\t\t\t\t\t\t\t\t\t\t\t\t\t\t\t\t\t\t\n\t\t\t\t\t\t\t\t\t<!-- Blog Date Time -->\n\t\t\t\t\t\t\t\t\t\t\t\t\t\t\t\t\t\t<span class=\"date-time\">\n\t\t\t\t\t\t\t\t\t\tseptembre 22, 2023\t\t\t\t\t\t\t\t\t<\/span>\n\t\t\t\t\t\t\t\t\t\t\t\t\t\t\t\t\t\t\n\t\t\t\t\t\t\t\t\t<!-- Blog Comment -->\n\t\t\t\t\t\t\t\t\t\t\t\t\t\t\t\t\t\t<span class=\"comment-count\">\n\t\t\t\t\t\t\t\t\t\t0\t\t\t\t\t\t\t\t\t<\/span>\n\t\t\t\t\t\t\t\t\t\t\t\t\t\t\t\t\t\t\n\t\t\t\t\t\t\t\t\t<!-- Blog Categories -->\n\t\t\t\t\t\t\t\t\t\t\t\t\t\t\t\t\t\n\t\t\t\t\t\t\t\t<\/div>\n\t\t\t\t\t\t\t\t\t\t\t\t\t\t\t\n\t\t\t\t\t\t\t\t\t\t\t\t\t\t\t\t<h4 class=\"heading-title entry-title\">\n\t\t\t\t\t\t\t\t\t<a class=\"post-title\" href=\"https:\/\/ticunivers.com\/index.php\/2023\/09\/22\/a-peine-sorti-ios-17-est-deja-mis-a-jour-et-il-faut-installer-la-nouvelle-version-de-toute-urgence\/\">\u00c0 peine sorti, iOS 17 est d\u00e9j\u00e0 mis \u00e0 jour et il faut installer la nouvelle version de toute urgence<\/a>\n\t\t\t\t\t\t\t\t<\/h4>\n\t\t\t\t\t\t\t\t\t\t\t\t\t\t\t\t\n\t\t\t\t\t\t\t<\/header>\n\t\t\t\t\t\t\t\n\t\t\t\t\t\t\t\t\t\t\t\t\t\t<div class=\"excerpt\">\u00c7a devient une habitude, Apple distribue ce soir de nouveaux correctifs pour boucher<\/div>\n\t\t\t\t\t\t\t\t\t\t\t\t\t\t\n\t\t\t\t\t\t\t\t\t\t\t\t\t\t<div class=\"entry-meta-bottom\">\n\t\t\t\t\t\t\t\t<!-- Blog Read More Button -->\n\t\t\t\t\t\t\t\t<a class=\"button-readmore button-text\" href=\"https:\/\/ticunivers.com\/index.php\/2023\/09\/22\/a-peine-sorti-ios-17-est-deja-mis-a-jour-et-il-faut-installer-la-nouvelle-version-de-toute-urgence\/\">read more<\/a>\n\t\t\t\t\t\t\t\t\n\t\t\t\t\t\t\t<\/div>\n\t\t\t\t\t\t\t\t\t\t\t\t\t<\/div>\n\t\t\t\t\t\t\t\n\t\t\t\t\t\t\t\t\t\t\t<\/div>\n\t\t\t\t<\/article>\n\t\t\t\t\t\t\t\t<\/div>\n\t\t\t\t\t\t\t\t\t<\/div>\n\t\t\t<\/div>\n\t\t\t\t<\/div>\n\t\t\t\t<\/div>\n\t\t\t\t\t<\/div>\n\t\t<\/div>\n\t\t\t\t\t<\/div>\n\t\t<\/section>\n\t\t\t\t<section class=\"elementor-section elementor-top-section elementor-element elementor-element-0ae15e1 elementor-section-boxed elementor-section-height-default elementor-section-height-default\" data-id=\"0ae15e1\" data-element_type=\"section\">\n\t\t\t\t\t\t<div class=\"elementor-container elementor-column-gap-default\">\n\t\t\t\t\t<div class=\"elementor-column elementor-col-100 elementor-top-column elementor-element elementor-element-288e84f\" data-id=\"288e84f\" data-element_type=\"column\">\n\t\t\t<div class=\"elementor-widget-wrap elementor-element-populated\">\n\t\t\t\t\t\t<div class=\"elementor-element elementor-element-1691a46 elementor-hidden-tablet elementor-hidden-phone elementor-widget elementor-widget-spacer\" data-id=\"1691a46\" data-element_type=\"widget\" data-widget_type=\"spacer.default\">\n\t\t\t\t<div class=\"elementor-widget-container\">\n\t\t\t\t\t<div class=\"elementor-spacer\">\n\t\t\t<div class=\"elementor-spacer-inner\"><\/div>\n\t\t<\/div>\n\t\t\t\t<\/div>\n\t\t\t\t<\/div>\n\t\t\t\t\t<\/div>\n\t\t<\/div>\n\t\t\t\t\t<\/div>\n\t\t<\/section>\n\t\t\t\t<\/div>\n\t\t","protected":false},"excerpt":{"rendered":"<p>John March 1, 2021 0 comments PC controllers: How to Choose the Right Game Controller for Your PC Lorem ipsum dolor sit amet, consectetur adipiscing elit. Sed accumsan faucibus ipsum id read more John March 1, 2021 0 comments 6 Simple Ways To Check If Your Headphones Are Too Loud Lorem ipsum dolor sit amet, [&hellip;]<\/p>\n","protected":false},"author":1,"featured_media":0,"parent":0,"menu_order":0,"comment_status":"closed","ping_status":"closed","template":"","meta":{"footnotes":""},"class_list":["post-4001","page","type-page","status-publish","hentry"],"_links":{"self":[{"href":"https:\/\/ticunivers.com\/index.php\/wp-json\/wp\/v2\/pages\/4001","targetHints":{"allow":["GET"]}}],"collection":[{"href":"https:\/\/ticunivers.com\/index.php\/wp-json\/wp\/v2\/pages"}],"about":[{"href":"https:\/\/ticunivers.com\/index.php\/wp-json\/wp\/v2\/types\/page"}],"author":[{"embeddable":true,"href":"https:\/\/ticunivers.com\/index.php\/wp-json\/wp\/v2\/users\/1"}],"replies":[{"embeddable":true,"href":"https:\/\/ticunivers.com\/index.php\/wp-json\/wp\/v2\/comments?post=4001"}],"version-history":[{"count":1,"href":"https:\/\/ticunivers.com\/index.php\/wp-json\/wp\/v2\/pages\/4001\/revisions"}],"predecessor-version":[{"id":18527,"href":"https:\/\/ticunivers.com\/index.php\/wp-json\/wp\/v2\/pages\/4001\/revisions\/18527"}],"wp:attachment":[{"href":"https:\/\/ticunivers.com\/index.php\/wp-json\/wp\/v2\/media?parent=4001"}],"curies":[{"name":"wp","href":"https:\/\/api.w.org\/{rel}","templated":true}]}}