{"id":19109,"date":"2021-11-24T10:37:31","date_gmt":"2021-11-24T09:37:31","guid":{"rendered":"https:\/\/ticunivers.com\/?post_type=product&#038;p=19109"},"modified":"2022-03-16T17:12:47","modified_gmt":"2022-03-16T16:12:47","slug":"hp-250-g7-pc-portable-15-fhd-intel-core-i5-8-go-ram-256-go-ssd-windows-10-clavier-azerty","status":"publish","type":"product","link":"https:\/\/ticunivers.com\/index.php\/product\/hp-250-g7-pc-portable-15-fhd-intel-core-i5-8-go-ram-256-go-ssd-windows-10-clavier-azerty\/","title":{"rendered":"HP 250 G7 &#8211; PC Portable 15&#8242; FHD &#8211; Intel Core i5 &#8211; 8 Go RAM &#8211; 256 Go SSD &#8211; Windows 10 &#8211; Clavier AZERTY"},"content":{"rendered":"<p><strong>HP 250 G7 &#8211; PC Portable 15&#8242; FHD &#8211; Intel Core i5 &#8211; 8 Go RAM &#8211; 256 Go SSD &#8211; Windows 10 &#8211; Clavier AZERTY<\/strong><\/p>\n<ul>\n<li>Processeur : Intel Core i5 (10\u00e8me g\u00e9n\u00e9ration) 1035G1 \/ 1 GHz<\/li>\n<li>RAM : 8 Go (1 x 8 GB)<\/li>\n<li>R\u00e9solution : 1366 x 768 (HD)<\/li>\n<li>Fonctions : Gamme de couleurs \u00e9tendue NTSC de 45 %, angle de vue standard (SVA) HD antireflet<\/li>\n<li>Stockage principal : 256 Go SSD M.2 2280 PCIe &#8211; NVM Express (NVMe), HP Value<\/li>\n<li>Processeur graphique : Intel UHD Graphics<\/li>\n<li>Syst\u00e8me d&#8217;exploitation : Windows 10 Edition Familiale 64 bits<\/li>\n<\/ul>\n","protected":false},"excerpt":{"rendered":"<p>HP 250 G7 &#8211; PC Portable 15&#8242; FHD &#8211; Intel Core i5 &#8211; 8 Go RAM &#8211; 256 Go SSD &#8211; Windows 10 &#8211; Clavier AZERTY Processeur : Intel Core i5 (10\u00e8me g\u00e9n\u00e9ration) 1035G1 \/ 1 GHz RAM : 8 Go (1 x 8 GB) R\u00e9solution : 1366 x 768 (HD) Fonctions : Gamme de [&hellip;]<\/p>\n","protected":false},"featured_media":19111,"template":"","meta":[],"product_cat":[216],"product_tag":[],"class_list":{"0":"post-19109","1":"product","2":"type-product","3":"status-publish","4":"has-post-thumbnail","6":"product_cat-pc-portables","8":"first","9":"instock","10":"shipping-taxable","11":"product-type-simple"},"_links":{"self":[{"href":"https:\/\/ticunivers.com\/index.php\/wp-json\/wp\/v2\/product\/19109","targetHints":{"allow":["GET"]}}],"collection":[{"href":"https:\/\/ticunivers.com\/index.php\/wp-json\/wp\/v2\/product"}],"about":[{"href":"https:\/\/ticunivers.com\/index.php\/wp-json\/wp\/v2\/types\/product"}],"wp:featuredmedia":[{"embeddable":true,"href":"https:\/\/ticunivers.com\/index.php\/wp-json\/wp\/v2\/media\/19111"}],"wp:attachment":[{"href":"https:\/\/ticunivers.com\/index.php\/wp-json\/wp\/v2\/media?parent=19109"}],"wp:term":[{"taxonomy":"product_cat","embeddable":true,"href":"https:\/\/ticunivers.com\/index.php\/wp-json\/wp\/v2\/product_cat?post=19109"},{"taxonomy":"product_tag","embeddable":true,"href":"https:\/\/ticunivers.com\/index.php\/wp-json\/wp\/v2\/product_tag?post=19109"}],"curies":[{"name":"wp","href":"https:\/\/api.w.org\/{rel}","templated":true}]}}