{"id":19147,"date":"2022-09-18T22:40:09","date_gmt":"2022-09-18T21:40:09","guid":{"rendered":"https:\/\/ticunivers.com\/?post_type=product&#038;p=19147"},"modified":"2024-08-02T16:57:37","modified_gmt":"2024-08-02T15:57:37","slug":"kaspersky-internet-security-2022","status":"publish","type":"product","link":"https:\/\/ticunivers.com\/index.php\/product\/kaspersky-internet-security-2022\/","title":{"rendered":"kaspersky Internet Security 2022"},"content":{"rendered":"<ul class=\"a-unordered-list a-vertical a-spacing-mini\">\n<li><span class=\"a-list-item\">Licence 3 postes 1 an<\/span><\/li>\n<li><span class=\"a-list-item\">Suite de s\u00e9curit\u00e9 Internet<\/span><\/li>\n<li><span class=\"a-list-item\">Licence 1 an 3 postes (fran\u00e7ais, Windows, Mac, Android, iPhone et iPad<\/span><\/li>\n<\/ul>\n","protected":false},"excerpt":{"rendered":"<p>Licence 3 postes 1 an Suite de s\u00e9curit\u00e9 Internet Licence 1 an 3 postes (fran\u00e7ais, Windows, Mac, Android, iPhone et iPad<\/p>\n","protected":false},"featured_media":19148,"template":"","meta":[],"product_cat":[236],"product_tag":[],"class_list":{"0":"post-19147","1":"product","2":"type-product","3":"status-publish","4":"has-post-thumbnail","6":"product_cat-antivirus","8":"first","9":"instock","10":"shipping-taxable","11":"purchasable","12":"product-type-simple"},"_links":{"self":[{"href":"https:\/\/ticunivers.com\/index.php\/wp-json\/wp\/v2\/product\/19147","targetHints":{"allow":["GET"]}}],"collection":[{"href":"https:\/\/ticunivers.com\/index.php\/wp-json\/wp\/v2\/product"}],"about":[{"href":"https:\/\/ticunivers.com\/index.php\/wp-json\/wp\/v2\/types\/product"}],"wp:featuredmedia":[{"embeddable":true,"href":"https:\/\/ticunivers.com\/index.php\/wp-json\/wp\/v2\/media\/19148"}],"wp:attachment":[{"href":"https:\/\/ticunivers.com\/index.php\/wp-json\/wp\/v2\/media?parent=19147"}],"wp:term":[{"taxonomy":"product_cat","embeddable":true,"href":"https:\/\/ticunivers.com\/index.php\/wp-json\/wp\/v2\/product_cat?post=19147"},{"taxonomy":"product_tag","embeddable":true,"href":"https:\/\/ticunivers.com\/index.php\/wp-json\/wp\/v2\/product_tag?post=19147"}],"curies":[{"name":"wp","href":"https:\/\/api.w.org\/{rel}","templated":true}]}}