{"id":19149,"date":"2022-09-18T22:50:59","date_gmt":"2022-09-18T21:50:59","guid":{"rendered":"https:\/\/ticunivers.com\/?post_type=product&#038;p=19149"},"modified":"2024-08-02T16:57:03","modified_gmt":"2024-08-02T15:57:03","slug":"hp-laserjet-pro-mfp-m28a-imprimante-multifonction-blanc","status":"publish","type":"product","link":"https:\/\/ticunivers.com\/index.php\/product\/hp-laserjet-pro-mfp-m28a-imprimante-multifonction-blanc\/","title":{"rendered":"HP LaserJet Pro MFP M28a Imprimante Multifonction, Blanc"},"content":{"rendered":"<table class=\"a-normal a-spacing-micro\">\n<tbody>\n<tr class=\"a-spacing-small po-brand\">\n<td class=\"a-span3\"><span class=\"a-size-base a-text-bold\">Marque<\/span><\/td>\n<td class=\"a-span9\"><span class=\"a-size-base\">HP<\/span><\/td>\n<\/tr>\n<tr class=\"a-spacing-small po-connectivity_technology\">\n<td class=\"a-span3\"><span class=\"a-size-base a-text-bold\">Type de connecteur<\/span><\/td>\n<td class=\"a-span9\"><span class=\"a-size-base\">USB<\/span><\/td>\n<\/tr>\n<tr class=\"a-spacing-small po-printer_technology\">\n<td class=\"a-span3\"><span class=\"a-size-base a-text-bold\">Technologie d&#8217;impression<\/span><\/td>\n<td class=\"a-span9\"><span class=\"a-size-base\">Laser<\/span><\/td>\n<\/tr>\n<tr class=\"a-spacing-small po-special_feature\">\n<td class=\"a-span3\"><span class=\"a-size-base a-text-bold\">Caract\u00e9ristique sp\u00e9ciale<\/span><\/td>\n<td class=\"a-span9\"><span class=\"a-size-base\">Fonction Imprimante, PCL (Commandes de Gestion de l&#8217;Imprimante)<\/span><\/td>\n<\/tr>\n<tr class=\"a-spacing-small po-color\">\n<td class=\"a-span3\"><span class=\"a-size-base a-text-bold\">Couleur<\/span><\/td>\n<td class=\"a-span9\"><span class=\"a-size-base\">Blanc<\/span><\/td>\n<\/tr>\n<tr class=\"a-spacing-small po-recommended_uses_for_product\">\n<td class=\"a-span3\"><span class=\"a-size-base a-text-bold\">Usages recommand\u00e9s pour le produit<\/span><\/td>\n<td class=\"a-span9\"><span class=\"a-size-base\">Bureau<\/span><\/td>\n<\/tr>\n<tr class=\"a-spacing-small po-model_name\">\n<td class=\"a-span3\"><span class=\"a-size-base a-text-bold\">s\u00e9ries<\/span><\/td>\n<td class=\"a-span9\"><span class=\"a-size-base\">M28a<\/span><\/td>\n<\/tr>\n<tr class=\"a-spacing-small po-printer_output\">\n<td class=\"a-span3\"><span class=\"a-size-base a-text-bold\">Sortie d&#8217;imprimante<\/span><\/td>\n<td class=\"a-span9\"><span class=\"a-size-base\">Monochrome<\/span><\/td>\n<\/tr>\n<tr class=\"a-spacing-small po-max_printspeed_black_white\">\n<td class=\"a-span3\"><span class=\"a-size-base a-text-bold\">Vitesse d&#8217;impression maximale monochrome<\/span><\/td>\n<td class=\"a-span9\"><span class=\"a-size-base\">19 ppm<\/span><\/td>\n<\/tr>\n<tr class=\"a-spacing-small po-item_weight\">\n<td class=\"a-span3\"><span class=\"a-size-base a-text-bold\">Poids du produit<\/span><\/td>\n<td class=\"a-span9\"><span class=\"a-size-base\">5400 Grammes<\/span><\/td>\n<\/tr>\n<\/tbody>\n<\/table>\n","protected":false},"excerpt":{"rendered":"<p>Marque HP Type de connecteur USB Technologie d&#8217;impression Laser Caract\u00e9ristique sp\u00e9ciale Fonction Imprimante, PCL (Commandes de Gestion de l&#8217;Imprimante) Couleur Blanc Usages recommand\u00e9s pour le produit Bureau s\u00e9ries M28a Sortie d&#8217;imprimante Monochrome Vitesse d&#8217;impression maximale monochrome 19 ppm Poids du produit 5400 Grammes<\/p>\n","protected":false},"featured_media":19150,"template":"","meta":[],"product_cat":[203],"product_tag":[],"class_list":{"0":"post-19149","1":"product","2":"type-product","3":"status-publish","4":"has-post-thumbnail","6":"product_cat-imprimantes-scanners","8":"first","9":"instock","10":"shipping-taxable","11":"purchasable","12":"product-type-simple"},"_links":{"self":[{"href":"https:\/\/ticunivers.com\/index.php\/wp-json\/wp\/v2\/product\/19149","targetHints":{"allow":["GET"]}}],"collection":[{"href":"https:\/\/ticunivers.com\/index.php\/wp-json\/wp\/v2\/product"}],"about":[{"href":"https:\/\/ticunivers.com\/index.php\/wp-json\/wp\/v2\/types\/product"}],"wp:featuredmedia":[{"embeddable":true,"href":"https:\/\/ticunivers.com\/index.php\/wp-json\/wp\/v2\/media\/19150"}],"wp:attachment":[{"href":"https:\/\/ticunivers.com\/index.php\/wp-json\/wp\/v2\/media?parent=19149"}],"wp:term":[{"taxonomy":"product_cat","embeddable":true,"href":"https:\/\/ticunivers.com\/index.php\/wp-json\/wp\/v2\/product_cat?post=19149"},{"taxonomy":"product_tag","embeddable":true,"href":"https:\/\/ticunivers.com\/index.php\/wp-json\/wp\/v2\/product_tag?post=19149"}],"curies":[{"name":"wp","href":"https:\/\/api.w.org\/{rel}","templated":true}]}}