{"id":19152,"date":"2022-09-18T23:01:41","date_gmt":"2022-09-18T22:01:41","guid":{"rendered":"https:\/\/ticunivers.com\/?post_type=product&#038;p=19152"},"modified":"2024-08-02T16:58:49","modified_gmt":"2024-08-02T15:58:49","slug":"scanner-a-plat-hp-scanjet-pro-2500-f1","status":"publish","type":"product","link":"https:\/\/ticunivers.com\/index.php\/product\/scanner-a-plat-hp-scanjet-pro-2500-f1\/","title":{"rendered":"Scanner \u00e0 plat HP ScanJet Pro 2500 f1"},"content":{"rendered":"<h1 class=\"h2 c-product-details__title\"><span style=\"font-size: 16px;\">Augmentez votre productivit\u00e9 lors de travaux de num\u00e9risation de routine avec un HP ScanJet Pro compact. Automatisez le flux de travail avec une num\u00e9risation recto verso rapide, un chargeur automatique de documents de 50 pages, un cycle de travail quotidien de 1 500 pages et des raccourcis via un seul bouton. Vous pouvez m\u00eame capturer et modifier rapidement le texte de documents.<\/span><\/h1>\n<div class=\"c-column-module-feature\">\n<h4 class=\"c-column-module-feature__title h4\">Num\u00e9risation rapide \u00e0 20 ppm\/40 ipm<\/h4>\n<div class=\"c-column-module-feature__description subtitle\">\n<p>Num\u00e9risation haut d\u00e9bit fiable \u00e0 une vitesse pouvant atteindre 25 pages\/50 images par minute.<\/p>\n<\/div>\n<\/div>\n<div class=\"c-column-module-feature\">\n<h4 class=\"c-column-module-feature__title h4\">Taux d&#8217;utilisation recommand\u00e9 : 1 500 feuilles par jour<\/h4>\n<div class=\"c-column-module-feature__description subtitle\">\n<p>Con\u00e7u pour traiter jusqu&#8217;\u00e0 1 500 feuilles par jour.<\/p>\n<\/div>\n<\/div>\n<div class=\"c-column-module-feature\">\n<h4 class=\"c-column-module-feature__title h4\">Num\u00e9risation recto verso en un seul passage<\/h4>\n<div class=\"c-column-module-feature__description subtitle\">\n<p>Gagnez du temps et r\u00e9duisez le gaspillage gr\u00e2ce \u00e0 la num\u00e9risation recto verso qui capture les deux faces de la page en un seul passage.<\/p>\n<\/div>\n<\/div>\n<div class=\"c-column-module-feature\">\n<h4 class=\"c-column-module-feature__title h4\">Num\u00e9risation avec un seul bouton<\/h4>\n<div class=\"c-column-module-feature__description subtitle\">\n<p>Cr\u00e9ez des param\u00e8tres de num\u00e9risation sur un seul bouton pour les t\u00e2ches r\u00e9p\u00e9titives.<\/p>\n<\/div>\n<\/div>\n","protected":false},"excerpt":{"rendered":"<p>Augmentez votre productivit\u00e9 lors de travaux de num\u00e9risation de routine avec un HP ScanJet Pro compact. Automatisez le flux de travail avec une num\u00e9risation recto verso rapide, un chargeur automatique de documents de 50 pages, un cycle de travail quotidien de 1 500 pages et des raccourcis via un seul bouton. Vous pouvez m\u00eame capturer [&hellip;]<\/p>\n","protected":false},"featured_media":19153,"template":"","meta":[],"product_cat":[15,203,222],"product_tag":[],"class_list":{"0":"post-19152","1":"product","2":"type-product","3":"status-publish","4":"has-post-thumbnail","6":"product_cat-produits-divers","7":"product_cat-imprimantes-scanners","8":"product_cat-scanners","10":"first","11":"instock","12":"shipping-taxable","13":"purchasable","14":"product-type-simple"},"_links":{"self":[{"href":"https:\/\/ticunivers.com\/index.php\/wp-json\/wp\/v2\/product\/19152","targetHints":{"allow":["GET"]}}],"collection":[{"href":"https:\/\/ticunivers.com\/index.php\/wp-json\/wp\/v2\/product"}],"about":[{"href":"https:\/\/ticunivers.com\/index.php\/wp-json\/wp\/v2\/types\/product"}],"wp:featuredmedia":[{"embeddable":true,"href":"https:\/\/ticunivers.com\/index.php\/wp-json\/wp\/v2\/media\/19153"}],"wp:attachment":[{"href":"https:\/\/ticunivers.com\/index.php\/wp-json\/wp\/v2\/media?parent=19152"}],"wp:term":[{"taxonomy":"product_cat","embeddable":true,"href":"https:\/\/ticunivers.com\/index.php\/wp-json\/wp\/v2\/product_cat?post=19152"},{"taxonomy":"product_tag","embeddable":true,"href":"https:\/\/ticunivers.com\/index.php\/wp-json\/wp\/v2\/product_tag?post=19152"}],"curies":[{"name":"wp","href":"https:\/\/api.w.org\/{rel}","templated":true}]}}